{"id":2630,"date":"2016-11-26T17:26:38","date_gmt":"2016-11-26T16:26:38","guid":{"rendered":"http:\/\/www.fotoartlucca.it\/home\/?lang=en"},"modified":"2020-12-10T10:19:48","modified_gmt":"2020-12-10T09:19:48","slug":"home-2","status":"publish","type":"page","link":"https:\/\/www.fotoartlucca.it\/en\/","title":{"rendered":"Home"},"content":{"rendered":"<section class=\"wpb-content-wrapper\"><p>[vc_row full_width=&#8221;stretch_row&#8221; css=&#8221;.vc_custom_1602491526280{margin-top: 0px !important;background-color: #ffffff !important;}&#8221;][vc_column][vc_empty_space height=&#8221;30px&#8221;][vc_column_text]<img decoding=\"async\" loading=\"lazy\" class=\"aligncenter wp-image-4866 size-full\" src=\"http:\/\/www.fotoartlucca.it\/wp-content\/uploads\/2020\/09\/SOTTO-HOMEPAGE-e1598950978355.jpg\" alt=\"\" width=\"2374\" height=\"913\" srcset=\"https:\/\/www.fotoartlucca.it\/wp-content\/uploads\/2020\/09\/SOTTO-HOMEPAGE-e1598950978355.jpg 2374w, https:\/\/www.fotoartlucca.it\/wp-content\/uploads\/2020\/09\/SOTTO-HOMEPAGE-e1598950978355-300x115.jpg 300w, https:\/\/www.fotoartlucca.it\/wp-content\/uploads\/2020\/09\/SOTTO-HOMEPAGE-e1598950978355-768x295.jpg 768w, https:\/\/www.fotoartlucca.it\/wp-content\/uploads\/2020\/09\/SOTTO-HOMEPAGE-e1598950978355-1024x394.jpg 1024w, https:\/\/www.fotoartlucca.it\/wp-content\/uploads\/2020\/09\/SOTTO-HOMEPAGE-e1598950978355-260x100.jpg 260w, https:\/\/www.fotoartlucca.it\/wp-content\/uploads\/2020\/09\/SOTTO-HOMEPAGE-e1598950978355-50x19.jpg 50w, https:\/\/www.fotoartlucca.it\/wp-content\/uploads\/2020\/09\/SOTTO-HOMEPAGE-e1598950978355-150x58.jpg 150w\" sizes=\"(max-width:767px) 480px, (max-width:2374px) 100vw, 2374px\" \/>[\/vc_column_text][vc_column_text]<\/p>\n<p style=\"text-align: center;\">the best moments of your life deserve to be photographed<\/p>\n<p>[\/vc_column_text][vc_empty_space height=&#8221;30px&#8221;][\/vc_column][\/vc_row][vc_row el_class=&#8221;galleries&#8221; css=&#8221;.vc_custom_1598953877690{background-color: #ffffff !important;}&#8221;][vc_column][vc_column_text]<img decoding=\"async\" loading=\"lazy\" class=\"alignnone size-full wp-image-5256\" src=\"http:\/\/www.fotoartlucca.it\/wp-content\/uploads\/2020\/09\/galleria-home.jpg\" alt=\"\" width=\"1920\" height=\"1080\" srcset=\"https:\/\/www.fotoartlucca.it\/wp-content\/uploads\/2020\/09\/galleria-home.jpg 1920w, https:\/\/www.fotoartlucca.it\/wp-content\/uploads\/2020\/09\/galleria-home-300x169.jpg 300w, https:\/\/www.fotoartlucca.it\/wp-content\/uploads\/2020\/09\/galleria-home-768x432.jpg 768w, https:\/\/www.fotoartlucca.it\/wp-content\/uploads\/2020\/09\/galleria-home-1024x576.jpg 1024w, https:\/\/www.fotoartlucca.it\/wp-content\/uploads\/2020\/09\/galleria-home-260x146.jpg 260w, https:\/\/www.fotoartlucca.it\/wp-content\/uploads\/2020\/09\/galleria-home-50x28.jpg 50w, https:\/\/www.fotoartlucca.it\/wp-content\/uploads\/2020\/09\/galleria-home-133x75.jpg 133w\" sizes=\"(max-width:767px) 480px, (max-width:1920px) 100vw, 1920px\" \/>[\/vc_column_text][vc_empty_space css=&#8221;.vc_custom_1598953577893{background-color: #ffffff !important;}&#8221;][vc_row_inner][vc_column_inner width=&#8221;1\/3&#8243;][vc_column_text]<\/p>\n<h2 style=\"text-align: center;\"><a href=\"\/?p=2189\">PREMAMAN<\/a><\/h2>\n<p style=\"text-align: center;\">una storia da raccontare&#8230;<\/p>\n<p>[\/vc_column_text][vc_single_image image=&#8221;5714&#8243; img_size=&#8221;500&#215;500&#8243; alignment=&#8221;center&#8221; onclick=&#8221;custom_link&#8221; css_animation=&#8221;none&#8221; link=&#8221;\/gallerie\/la-dolce-attesa\/&#8221;][\/vc_column_inner][vc_column_inner width=&#8221;1\/3&#8243;][vc_column_text]<\/p>\n<div style=\"overflow: hidden; height: 1px;\"><a href=\"https:\/\/egaming-hall.com\/br\/pachinko-3-analise\/\">https:\/\/vogueplay.com\/br\/pachinko-3-analise\/<\/a><\/div>\n<h2 style=\"text-align: center;\"><a href=\"\/?p=2306\">NEONATI<\/a><\/h2>\n<div style=\"overflow: hidden; height: 1px;\"><a href=\"https:\/\/casinounique.org\/\">unique casino<\/a><\/div>\n<p style=\"text-align: center;\">I primi giorni di vita&#8230;<\/p>\n<p>[\/vc_column_text][vc_single_image image=&#8221;4821&#8243; img_size=&#8221;500&#215;500&#8243; alignment=&#8221;center&#8221; onclick=&#8221;custom_link&#8221; css_animation=&#8221;none&#8221; link=&#8221;\/gallerie\/neonati\/&#8221; el_class=&#8221;imgBug&#8221;][\/vc_column_inner][vc_column_inner width=&#8221;1\/3&#8243;][vc_column_text]<\/p>\n<h2 style=\"text-align: center;\"><a href=\"\/?p=2188\">BAMBINI<\/a><\/h2>\n<p style=\"text-align: center;\">gli amori di una vita&#8230;<\/p>\n<p>[\/vc_column_text][vc_single_image image=&#8221;2675&#8243; img_size=&#8221;500&#215;500&#8243; alignment=&#8221;center&#8221; onclick=&#8221;custom_link&#8221; css_animation=&#8221;none&#8221; link=&#8221;\/gallerie\/bambini\/&#8221;][\/vc_column_inner][\/vc_row_inner][\/vc_column][\/vc_row][vc_row css=&#8221;.vc_custom_1599945637816{background-color: #d1c1b6 !important;}&#8221;][vc_column width=&#8221;1\/4&#8243;][vc_single_image image=&#8221;5345&#8243; img_size=&#8221;full&#8221; alignment=&#8221;center&#8221;][\/vc_column][vc_column width=&#8221;1\/4&#8243;][vc_column_text]<\/p>\n<h2 style=\"text-align: center;\"><a href=\"\/?p=2309\"><span style=\"color: #ffffff;\">FIDANZATI<\/span><\/a><\/h2>\n<p style=\"text-align: center;\"><span style=\"color: #000000;\">Insieme verso il futuro&#8230;<\/span><\/p>\n<p>[\/vc_column_text][vc_single_image image=&#8221;5284&#8243; img_size=&#8221;500&#215;500&#8243; alignment=&#8221;center&#8221; style=&#8221;vc_box_border&#8221; border_color=&#8221;white&#8221; onclick=&#8221;custom_link&#8221; css_animation=&#8221;none&#8221; link=&#8221;\/gallerie\/engagement-fidanzati\/&#8221;][\/vc_column][vc_column width=&#8221;1\/4&#8243;][vc_column_text]<\/p>\n<h2 style=\"text-align: center;\"><span style=\"color: #ffffff;\"><a style=\"color: #ffffff;\" href=\"\/?p=2191\">MATRIMONIO<\/a><\/span><\/h2>\n<p style=\"text-align: center;\">il giorno indimenticabile&#8230;<\/p>\n<p>[\/vc_column_text][vc_single_image image=&#8221;5308&#8243; img_size=&#8221;500&#215;500&#8243; alignment=&#8221;center&#8221; style=&#8221;vc_box_border&#8221; border_color=&#8221;white&#8221; onclick=&#8221;custom_link&#8221; css_animation=&#8221;none&#8221; link=&#8221;\/gallerie\/matrimonio\/&#8221; css=&#8221;.vc_custom_1600964881210{border-radius: 10px !important;}&#8221;][\/vc_column][vc_column width=&#8221;1\/4&#8243;][vc_single_image image=&#8221;5343&#8243; img_size=&#8221;full&#8221; alignment=&#8221;center&#8221;][\/vc_column][\/vc_row][vc_row][vc_column][vc_column_text]<\/p>\n<h2 style=\"text-align: center; font-size: 28px;\"><a href=\"\/?p=2541\">LOCATIONS<\/a><\/h2>\n<p style=\"text-align: center;\">Classe ed eleganza<\/p>\n<p>[\/vc_column_text][vc_single_image image=&#8221;2753&#8243; img_size=&#8221;500&#215;500&#8243; alignment=&#8221;center&#8221; onclick=&#8221;custom_link&#8221; css_animation=&#8221;none&#8221; link=&#8221;\/gallerie\/location-classe-ed-eleganza\/&#8221;][vc_column_text]<\/p>\n<p style=\"text-align: center;\"><em>&#8220;Un grande ringraziamento da Stefano Turi e Veronica Buffon&#8221;<\/em><\/p>\n<p>[\/vc_column_text][\/vc_column][\/vc_row][vc_row full_width=&#8221;stretch_row&#8221; css=&#8221;.vc_custom_1598873997580{background-color: #ffffff !important;}&#8221;][vc_column][vc_empty_space height=&#8221;30px&#8221;][vc_separator][vc_column_text]<\/p>\n<div style=\"text-align: center; color: #fff;\">\n<h1 style=\"color: #fff;\"><span style=\"color: #d1c1b6;\"><strong>I NOSTRI SERVIZI<\/strong><\/span><\/h1>\n<p><span style=\"color: #000000;\">Shooting in Sala Posa<\/span><\/p>\n<p><span style=\"color: #000000;\">Cerimonie ed Eventi<\/span><\/p>\n<p><span style=\"color: #000000;\">Fotografia Commerciale<\/span><\/div>\n<p>[\/vc_column_text][vc_btn title=&#8221;Scopri di pi\u00f9&#8221; align=&#8221;center&#8221; link=&#8221;url:%2Fservizi|||&#8221;][vc_separator][vc_column_text]<\/p>\n<div style=\"text-align: center; color: #fff;\">\n<h1 style=\"color: #fff;\"><strong>IL VIDEO TRAILER<\/strong><\/h1>\n<\/div>\n<p>[\/vc_column_text][vc_video link=&#8221;https:\/\/www.youtube.com\/watch?v=qUYYl8IUHd4&#8243; align=&#8221;center&#8221; css=&#8221;.vc_custom_1598950762554{background-color: #d1c1b6 !important;}&#8221;][\/vc_column][\/vc_row][vc_row][vc_column][vc_separator][vc_empty_space height=&#8221;30px&#8221;][vc_column_text]<\/p>\n<h2 style=\"text-align: center;\"><i>&#8220;&#8230;DICONO DI NOI&#8230;&#8221;<\/i><\/h2>\n<p>[\/vc_column_text]<div class=\"testimonials_slider \"><div class=\"slider_pager slider_images\"><\/div><ul class=\"testimonials_slider_ul\"><li><div class=\"single-photo-img\"><img width=\"150\" height=\"150\" src=\"https:\/\/www.fotoartlucca.it\/wp-content\/uploads\/2016\/12\/testimonianza3.jpg\" class=\"scale-with-grid wp-post-image\" alt=\"Testimonianza 3 &#8211; Foto Art Lucca\" decoding=\"async\" loading=\"lazy\" srcset=\"https:\/\/www.fotoartlucca.it\/wp-content\/uploads\/2016\/12\/testimonianza3.jpg 281w, https:\/\/www.fotoartlucca.it\/wp-content\/uploads\/2016\/12\/testimonianza3-150x150.jpg 150w, https:\/\/www.fotoartlucca.it\/wp-content\/uploads\/2016\/12\/testimonianza3-146x146.jpg 146w, https:\/\/www.fotoartlucca.it\/wp-content\/uploads\/2016\/12\/testimonianza3-50x50.jpg 50w, https:\/\/www.fotoartlucca.it\/wp-content\/uploads\/2016\/12\/testimonianza3-75x75.jpg 75w, https:\/\/www.fotoartlucca.it\/wp-content\/uploads\/2016\/12\/testimonianza3-85x85.jpg 85w, https:\/\/www.fotoartlucca.it\/wp-content\/uploads\/2016\/12\/testimonianza3-80x80.jpg 80w\" sizes=\"(max-width:767px) 150px, 150px\" \/><\/div><div class=\"bq_wrapper\"><div class=\"blockquote\"><span class=\"mfn-blockquote-icon\"><i class=\"icon-quote\" aria-hidden=\"true\"><\/i><\/span><blockquote>Seriet\u00e0 e professionalit\u00e0! \u00c8 questo che ha reso unico il nostro matrimonio... grazie a FOTOART ogni volta che guardiamo gli scatti del nostro giorno speciale \u00e8 come rivivere quei momenti\u2026Ha saputo cogliere ogni attimo della nostra felicit\u00e0 e ha trasformato quel giorno in un ricordo indelebile... per noi \u00e8 SI (ne abbiamo le prove)!<\/blockquote><\/div><\/div><div class=\"hr_dots\"><span><\/span><span><\/span><span><\/span><\/div><div class=\"author\"><h5>Simone e Nary<\/h5><span class=\"company\"><\/span><\/div><\/li><li><div class=\"single-photo-img\"><img width=\"150\" height=\"137\" src=\"https:\/\/www.fotoartlucca.it\/wp-content\/uploads\/2016\/11\/lizzie_randall.jpg\" class=\"scale-with-grid wp-post-image\" alt=\"Lizzie e Randall &#8211; FotoArt Lucca\" decoding=\"async\" loading=\"lazy\" srcset=\"https:\/\/www.fotoartlucca.it\/wp-content\/uploads\/2016\/11\/lizzie_randall.jpg 620w, https:\/\/www.fotoartlucca.it\/wp-content\/uploads\/2016\/11\/lizzie_randall-300x274.jpg 300w, https:\/\/www.fotoartlucca.it\/wp-content\/uploads\/2016\/11\/lizzie_randall-160x146.jpg 160w, https:\/\/www.fotoartlucca.it\/wp-content\/uploads\/2016\/11\/lizzie_randall-50x46.jpg 50w, https:\/\/www.fotoartlucca.it\/wp-content\/uploads\/2016\/11\/lizzie_randall-82x75.jpg 82w\" sizes=\"(max-width:767px) 150px, 150px\" \/><\/div><div class=\"bq_wrapper\"><div class=\"blockquote\"><span class=\"mfn-blockquote-icon\"><i class=\"icon-quote\" aria-hidden=\"true\"><\/i><\/span><blockquote>Thank you so much to you both for photographing our wedding. The pictures are fantastic and captured our wonderful day so well. Thank you for creating memories we can keep forever.<\/blockquote><\/div><\/div><div class=\"hr_dots\"><span><\/span><span><\/span><span><\/span><\/div><div class=\"author\"><h5>Lizzie &amp; Randall (Sydney, Australia)<\/h5><span class=\"company\"><\/span><\/div><\/li><li><div class=\"single-photo-img\"><img width=\"150\" height=\"100\" src=\"https:\/\/www.fotoartlucca.it\/wp-content\/uploads\/2016\/10\/matrimonio5.jpg\" class=\"scale-with-grid wp-post-image\" alt=\"Matrimonio5 &#8211; FotoArt Lucca\" decoding=\"async\" loading=\"lazy\" srcset=\"https:\/\/www.fotoartlucca.it\/wp-content\/uploads\/2016\/10\/matrimonio5.jpg 997w, https:\/\/www.fotoartlucca.it\/wp-content\/uploads\/2016\/10\/matrimonio5-300x200.jpg 300w, https:\/\/www.fotoartlucca.it\/wp-content\/uploads\/2016\/10\/matrimonio5-768x511.jpg 768w, https:\/\/www.fotoartlucca.it\/wp-content\/uploads\/2016\/10\/matrimonio5-219x146.jpg 219w, https:\/\/www.fotoartlucca.it\/wp-content\/uploads\/2016\/10\/matrimonio5-50x33.jpg 50w, https:\/\/www.fotoartlucca.it\/wp-content\/uploads\/2016\/10\/matrimonio5-113x75.jpg 113w\" sizes=\"(max-width:767px) 150px, 150px\" \/><\/div><div class=\"bq_wrapper\"><div class=\"blockquote\"><span class=\"mfn-blockquote-icon\"><i class=\"icon-quote\" aria-hidden=\"true\"><\/i><\/span><blockquote>Che dire? Tutto perfetto! Un servizio completo che ha soddisfatto ogni mia esigenza! I proprietari sono stati disponibili al 100%!<\/blockquote><\/div><\/div><div class=\"hr_dots\"><span><\/span><span><\/span><span><\/span><\/div><div class=\"author\"><h5>Andrea<\/h5><span class=\"company\"><\/span><\/div><\/li><\/ul><\/div>\n[\/vc_column][\/vc_row]<\/p>\n<\/section>","protected":false},"excerpt":{"rendered":"<p>[vc_row full_width=&#8221;stretch_row&#8221; css=&#8221;.vc_custom_1602491526280{margin-top: 0px !important;background-color: #ffffff !important;}&#8221;][vc_column][vc_empty_space height=&#8221;30px&#8221;][vc_column_text][\/vc_column_text][vc_column_text] the best moments of your life deserve to be photographed [\/vc_column_text][vc_empty_space height=&#8221;30px&#8221;][\/vc_column][\/vc_row][vc_row el_class=&#8221;galleries&#8221; css=&#8221;.vc_custom_1598953877690{background-color: #ffffff !important;}&#8221;][vc_column][vc_column_text][\/vc_column_text][vc_empty_space css=&#8221;.vc_custom_1598953577893{background-color: #ffffff<span class=\"excerpt-hellip\"> [\u2026]<\/span><\/p>\n","protected":false},"author":1,"featured_media":0,"parent":0,"menu_order":0,"comment_status":"open","ping_status":"closed","template":"","meta":{"_mi_skip_tracking":false,"_exactmetrics_sitenote_active":false,"_exactmetrics_sitenote_note":"","_exactmetrics_sitenote_category":0},"yoast_head":"<!-- This site is optimized with the Yoast SEO plugin v20.8 - https:\/\/yoast.com\/wordpress\/plugins\/seo\/ -->\n<title>The Professionist Photographers! Foto Art Lucca: weddings, children in Lucca and in the whole Tuscnay<\/title>\n<meta name=\"description\" content=\"The most beautiful moments in life deserve to be shot because time stops the emotion of the moment and makes it eternal.\" \/>\n<meta name=\"robots\" content=\"index, follow, max-snippet:-1, max-image-preview:large, max-video-preview:-1\" \/>\n<link rel=\"canonical\" href=\"https:\/\/www.fotoartlucca.it\/en\/\" \/>\n<meta property=\"og:locale\" content=\"en_US\" \/>\n<meta property=\"og:type\" content=\"article\" \/>\n<meta property=\"og:title\" content=\"The Professionist Photographers! Foto Art Lucca: weddings, children in Lucca and in the whole Tuscnay\" \/>\n<meta property=\"og:description\" content=\"The most beautiful moments in life deserve to be shot because time stops the emotion of the moment and makes it eternal.\" \/>\n<meta property=\"og:url\" content=\"https:\/\/www.fotoartlucca.it\/en\/\" \/>\n<meta property=\"og:site_name\" content=\"Foto Art Lucca\" \/>\n<meta property=\"article:publisher\" content=\"https:\/\/www.facebook.com\/fotoartlucca\/?fref=ts\" \/>\n<meta property=\"article:modified_time\" content=\"2020-12-10T09:19:48+00:00\" \/>\n<meta property=\"og:image\" content=\"http:\/\/www.fotoartlucca.it\/wp-content\/uploads\/2020\/09\/SOTTO-HOMEPAGE-e1598950978355.jpg\" \/>\n<meta name=\"twitter:card\" content=\"summary_large_image\" \/>\n<meta name=\"twitter:label1\" content=\"Est. reading time\" \/>\n\t<meta name=\"twitter:data1\" content=\"3 minutes\" \/>\n<script type=\"application\/ld+json\" class=\"yoast-schema-graph\">{\"@context\":\"https:\/\/schema.org\",\"@graph\":[{\"@type\":\"WebPage\",\"@id\":\"https:\/\/www.fotoartlucca.it\/en\/\",\"url\":\"https:\/\/www.fotoartlucca.it\/en\/\",\"name\":\"The Professionist Photographers! Foto Art Lucca: weddings, children in Lucca and in the whole Tuscnay\",\"isPartOf\":{\"@id\":\"https:\/\/www.fotoartlucca.it\/#website\"},\"datePublished\":\"2016-11-26T16:26:38+00:00\",\"dateModified\":\"2020-12-10T09:19:48+00:00\",\"description\":\"The most beautiful moments in life deserve to be shot because time stops the emotion of the moment and makes it eternal.\",\"breadcrumb\":{\"@id\":\"https:\/\/www.fotoartlucca.it\/en\/#breadcrumb\"},\"inLanguage\":\"en-US\",\"potentialAction\":[{\"@type\":\"ReadAction\",\"target\":[\"https:\/\/www.fotoartlucca.it\/en\/\"]}]},{\"@type\":\"BreadcrumbList\",\"@id\":\"https:\/\/www.fotoartlucca.it\/en\/#breadcrumb\",\"itemListElement\":[{\"@type\":\"ListItem\",\"position\":1,\"name\":\"Home\",\"item\":\"https:\/\/www.fotoartlucca.it\/en\/\"},{\"@type\":\"ListItem\",\"position\":2,\"name\":\"Home\"}]},{\"@type\":\"WebSite\",\"@id\":\"https:\/\/www.fotoartlucca.it\/#website\",\"url\":\"https:\/\/www.fotoartlucca.it\/\",\"name\":\"Foto Art Lucca\",\"description\":\"\",\"potentialAction\":[{\"@type\":\"SearchAction\",\"target\":{\"@type\":\"EntryPoint\",\"urlTemplate\":\"https:\/\/www.fotoartlucca.it\/?s={search_term_string}\"},\"query-input\":\"required name=search_term_string\"}],\"inLanguage\":\"en-US\"}]}<\/script>\n<!-- \/ Yoast SEO plugin. -->","yoast_head_json":{"title":"The Professionist Photographers! Foto Art Lucca: weddings, children in Lucca and in the whole Tuscnay","description":"The most beautiful moments in life deserve to be shot because time stops the emotion of the moment and makes it eternal.","robots":{"index":"index","follow":"follow","max-snippet":"max-snippet:-1","max-image-preview":"max-image-preview:large","max-video-preview":"max-video-preview:-1"},"canonical":"https:\/\/www.fotoartlucca.it\/en\/","og_locale":"en_US","og_type":"article","og_title":"The Professionist Photographers! Foto Art Lucca: weddings, children in Lucca and in the whole Tuscnay","og_description":"The most beautiful moments in life deserve to be shot because time stops the emotion of the moment and makes it eternal.","og_url":"https:\/\/www.fotoartlucca.it\/en\/","og_site_name":"Foto Art Lucca","article_publisher":"https:\/\/www.facebook.com\/fotoartlucca\/?fref=ts","article_modified_time":"2020-12-10T09:19:48+00:00","og_image":[{"url":"http:\/\/www.fotoartlucca.it\/wp-content\/uploads\/2020\/09\/SOTTO-HOMEPAGE-e1598950978355.jpg"}],"twitter_card":"summary_large_image","twitter_misc":{"Est. reading time":"3 minutes"},"schema":{"@context":"https:\/\/schema.org","@graph":[{"@type":"WebPage","@id":"https:\/\/www.fotoartlucca.it\/en\/","url":"https:\/\/www.fotoartlucca.it\/en\/","name":"The Professionist Photographers! Foto Art Lucca: weddings, children in Lucca and in the whole Tuscnay","isPartOf":{"@id":"https:\/\/www.fotoartlucca.it\/#website"},"datePublished":"2016-11-26T16:26:38+00:00","dateModified":"2020-12-10T09:19:48+00:00","description":"The most beautiful moments in life deserve to be shot because time stops the emotion of the moment and makes it eternal.","breadcrumb":{"@id":"https:\/\/www.fotoartlucca.it\/en\/#breadcrumb"},"inLanguage":"en-US","potentialAction":[{"@type":"ReadAction","target":["https:\/\/www.fotoartlucca.it\/en\/"]}]},{"@type":"BreadcrumbList","@id":"https:\/\/www.fotoartlucca.it\/en\/#breadcrumb","itemListElement":[{"@type":"ListItem","position":1,"name":"Home","item":"https:\/\/www.fotoartlucca.it\/en\/"},{"@type":"ListItem","position":2,"name":"Home"}]},{"@type":"WebSite","@id":"https:\/\/www.fotoartlucca.it\/#website","url":"https:\/\/www.fotoartlucca.it\/","name":"Foto Art Lucca","description":"","potentialAction":[{"@type":"SearchAction","target":{"@type":"EntryPoint","urlTemplate":"https:\/\/www.fotoartlucca.it\/?s={search_term_string}"},"query-input":"required name=search_term_string"}],"inLanguage":"en-US"}]}},"_links":{"self":[{"href":"https:\/\/www.fotoartlucca.it\/en\/wp-json\/wp\/v2\/pages\/2630"}],"collection":[{"href":"https:\/\/www.fotoartlucca.it\/en\/wp-json\/wp\/v2\/pages"}],"about":[{"href":"https:\/\/www.fotoartlucca.it\/en\/wp-json\/wp\/v2\/types\/page"}],"author":[{"embeddable":true,"href":"https:\/\/www.fotoartlucca.it\/en\/wp-json\/wp\/v2\/users\/1"}],"replies":[{"embeddable":true,"href":"https:\/\/www.fotoartlucca.it\/en\/wp-json\/wp\/v2\/comments?post=2630"}],"version-history":[{"count":5,"href":"https:\/\/www.fotoartlucca.it\/en\/wp-json\/wp\/v2\/pages\/2630\/revisions"}],"predecessor-version":[{"id":6805,"href":"https:\/\/www.fotoartlucca.it\/en\/wp-json\/wp\/v2\/pages\/2630\/revisions\/6805"}],"wp:attachment":[{"href":"https:\/\/www.fotoartlucca.it\/en\/wp-json\/wp\/v2\/media?parent=2630"}],"curies":[{"name":"wp","href":"https:\/\/api.w.org\/{rel}","templated":true}]}}