{"id":2792,"date":"2015-07-09T11:08:00","date_gmt":"2015-07-09T09:08:00","guid":{"rendered":"http:\/\/www.fotoartlucca.it\/en\/about\/"},"modified":"2020-07-06T08:19:02","modified_gmt":"2020-07-06T06:19:02","slug":"about","status":"publish","type":"page","link":"https:\/\/www.fotoartlucca.it\/en\/about\/","title":{"rendered":"About"},"content":{"rendered":"<section class=\"wpb-content-wrapper\"><p>[vc_row][vc_column][vc_empty_space][vc_row_inner][vc_column_inner width=&#8221;1\/2&#8243;][vc_column_text]<\/p>\n<h2>WHO ARE WE<\/h2>\n<p>FotoArt is a photographic studio with more than 20 years&#8217; experience, where passion, technique and attention to detail is unprecedented. All combine to achieve a fascinating objective: to get that perfect shot.  I have taken photographs in the most exclusive locations and glamour studios; had commissions all over Italy, shooting with an ever increasing passion in different places and locations which stimulate my desire to frame a unique day.[\/vc_column_text][\/vc_column_inner][vc_column_inner width=&#8221;1\/2&#8243;][vc_single_image image=&#8221;2296&#8243; img_size=&#8221;350&#215;350&#8243; alignment=&#8221;center&#8221;][\/vc_column_inner][\/vc_row_inner][vc_row_inner][vc_column_inner width=&#8221;1\/3&#8243;]<div class=\"icon_box icon_position_top no_border\"><div class=\"icon_wrapper\"><div class=\"icon\"><i class=\"icon-camera-line\" aria-hidden=\"true\"><\/i><\/div><\/div><div class=\"desc_wrapper\"><h4 class=\"title\">over 2000<\/h4><div class=\"desc\">photos taken in the last week<\/div><\/div><\/div>\n[\/vc_column_inner][vc_column_inner width=&#8221;1\/3&#8243;]<div class=\"icon_box icon_position_top no_border\"><div class=\"icon_wrapper\"><div class=\"icon\"><i class=\"icon-heart-empty-fa\" aria-hidden=\"true\"><\/i><\/div><\/div><div class=\"desc_wrapper\"><h4 class=\"title\">over 1000<\/h4><div class=\"desc\">our satisfied customers<\/div><\/div><\/div>\n[\/vc_column_inner][vc_column_inner width=&#8221;1\/3&#8243;]<div class=\"icon_box icon_position_top no_border\"><div class=\"icon_wrapper\"><div class=\"icon\"><i class=\"icon-lightbulb-line\" aria-hidden=\"true\"><\/i><\/div><\/div><div class=\"desc_wrapper\"><h4 class=\"title\">more than 50<\/h4><div class=\"desc\">new ideas everyday<\/div><\/div><\/div>\n[\/vc_column_inner][\/vc_row_inner][\/vc_column][\/vc_row][vc_row full_width=&#8221;stretch_row&#8221; css=&#8221;.vc_custom_1478649676580{background-color: #191919 !important;}&#8221;][vc_column][vc_text_separator title=&#8221;BECAUSE WE NEVER STOP&#8221; color=&#8221;white&#8221;][vc_single_image image=&#8221;2427&#8243; img_size=&#8221;full&#8221; alignment=&#8221;center&#8221;][vc_column_text]<\/p>\n<p style=\"color: #fff\">Good photographers are rare and indefinable, but they all have something in common \u2013 the ability to go beyond themselves, to be more than they are, to have a certain \u201cmusic\u201d\u2026 to sum up, they produce something miraculous. Essentially, those who are called \u201cgreat photographers\u201d are not those for whom the occasional luck has occurred a lot of times, because to take a good photo is always a game of chance. That chance encounter and an immediate understanding of how to grasp it &#8211; instantly.<\/p>\n<p style=\"text-align: right;color: #fff\">&#8212; Jeanloup Sieff &#8212;<\/p>\n<p style=\"color: #fff\">Photography is not like painting. When we take a photo, something is created in a fraction of a second. Your eye has to see a composition and an expression presented to you by life itself and you have to know intuitively when to press the shutter.<br \/>\nThat is the moment in which a photo is created. Oop! The moment! The moment you realize it, it has disappeared.<\/p>\n<p style=\"text-align: right;color: #fff\">&#8212; Cartier Bresson &#8212;<\/p>\n<p>[\/vc_column_text][\/vc_column][\/vc_row][vc_row][vc_column][vc_column_text]<\/p>\n<h2 style=\"text-align: center;font-size: 26px\">TESTIMONIALS<\/h2>\n<p>[\/vc_column_text]<div class=\"testimonials_slider \"><div class=\"slider_pager slider_images\"><\/div><ul class=\"testimonials_slider_ul\"><li><div class=\"single-photo-img\"><img width=\"150\" height=\"150\" src=\"https:\/\/www.fotoartlucca.it\/wp-content\/uploads\/2016\/12\/testimonianza3.jpg\" class=\"scale-with-grid wp-post-image\" alt=\"Testimonianza 3 &#8211; Foto Art Lucca\" decoding=\"async\" loading=\"lazy\" srcset=\"https:\/\/www.fotoartlucca.it\/wp-content\/uploads\/2016\/12\/testimonianza3.jpg 281w, https:\/\/www.fotoartlucca.it\/wp-content\/uploads\/2016\/12\/testimonianza3-150x150.jpg 150w, https:\/\/www.fotoartlucca.it\/wp-content\/uploads\/2016\/12\/testimonianza3-146x146.jpg 146w, https:\/\/www.fotoartlucca.it\/wp-content\/uploads\/2016\/12\/testimonianza3-50x50.jpg 50w, https:\/\/www.fotoartlucca.it\/wp-content\/uploads\/2016\/12\/testimonianza3-75x75.jpg 75w, https:\/\/www.fotoartlucca.it\/wp-content\/uploads\/2016\/12\/testimonianza3-85x85.jpg 85w, https:\/\/www.fotoartlucca.it\/wp-content\/uploads\/2016\/12\/testimonianza3-80x80.jpg 80w\" sizes=\"(max-width:767px) 150px, 150px\" \/><\/div><div class=\"bq_wrapper\"><div class=\"blockquote\"><span class=\"mfn-blockquote-icon\"><i class=\"icon-quote\" aria-hidden=\"true\"><\/i><\/span><blockquote>Seriet\u00e0 e professionalit\u00e0! \u00c8 questo che ha reso unico il nostro matrimonio... grazie a FOTOART ogni volta che guardiamo gli scatti del nostro giorno speciale \u00e8 come rivivere quei momenti\u2026Ha saputo cogliere ogni attimo della nostra felicit\u00e0 e ha trasformato quel giorno in un ricordo indelebile... per noi \u00e8 SI (ne abbiamo le prove)!<\/blockquote><\/div><\/div><div class=\"hr_dots\"><span><\/span><span><\/span><span><\/span><\/div><div class=\"author\"><h5>Simone e Nary<\/h5><span class=\"company\"><\/span><\/div><\/li><li><div class=\"single-photo-img\"><img width=\"150\" height=\"137\" src=\"https:\/\/www.fotoartlucca.it\/wp-content\/uploads\/2016\/11\/lizzie_randall.jpg\" class=\"scale-with-grid wp-post-image\" alt=\"Lizzie e Randall &#8211; FotoArt Lucca\" decoding=\"async\" loading=\"lazy\" srcset=\"https:\/\/www.fotoartlucca.it\/wp-content\/uploads\/2016\/11\/lizzie_randall.jpg 620w, https:\/\/www.fotoartlucca.it\/wp-content\/uploads\/2016\/11\/lizzie_randall-300x274.jpg 300w, https:\/\/www.fotoartlucca.it\/wp-content\/uploads\/2016\/11\/lizzie_randall-160x146.jpg 160w, https:\/\/www.fotoartlucca.it\/wp-content\/uploads\/2016\/11\/lizzie_randall-50x46.jpg 50w, https:\/\/www.fotoartlucca.it\/wp-content\/uploads\/2016\/11\/lizzie_randall-82x75.jpg 82w\" sizes=\"(max-width:767px) 150px, 150px\" \/><\/div><div class=\"bq_wrapper\"><div class=\"blockquote\"><span class=\"mfn-blockquote-icon\"><i class=\"icon-quote\" aria-hidden=\"true\"><\/i><\/span><blockquote>Thank you so much to you both for photographing our wedding. The pictures are fantastic and captured our wonderful day so well. Thank you for creating memories we can keep forever.<\/blockquote><\/div><\/div><div class=\"hr_dots\"><span><\/span><span><\/span><span><\/span><\/div><div class=\"author\"><h5>Lizzie &amp; Randall (Sydney, Australia)<\/h5><span class=\"company\"><\/span><\/div><\/li><li><div class=\"single-photo-img\"><img width=\"150\" height=\"100\" src=\"https:\/\/www.fotoartlucca.it\/wp-content\/uploads\/2016\/10\/matrimonio5.jpg\" class=\"scale-with-grid wp-post-image\" alt=\"Matrimonio5 &#8211; FotoArt Lucca\" decoding=\"async\" loading=\"lazy\" srcset=\"https:\/\/www.fotoartlucca.it\/wp-content\/uploads\/2016\/10\/matrimonio5.jpg 997w, https:\/\/www.fotoartlucca.it\/wp-content\/uploads\/2016\/10\/matrimonio5-300x200.jpg 300w, https:\/\/www.fotoartlucca.it\/wp-content\/uploads\/2016\/10\/matrimonio5-768x511.jpg 768w, https:\/\/www.fotoartlucca.it\/wp-content\/uploads\/2016\/10\/matrimonio5-219x146.jpg 219w, https:\/\/www.fotoartlucca.it\/wp-content\/uploads\/2016\/10\/matrimonio5-50x33.jpg 50w, https:\/\/www.fotoartlucca.it\/wp-content\/uploads\/2016\/10\/matrimonio5-113x75.jpg 113w\" sizes=\"(max-width:767px) 150px, 150px\" \/><\/div><div class=\"bq_wrapper\"><div class=\"blockquote\"><span class=\"mfn-blockquote-icon\"><i class=\"icon-quote\" aria-hidden=\"true\"><\/i><\/span><blockquote>Che dire? Tutto perfetto! Un servizio completo che ha soddisfatto ogni mia esigenza! I proprietari sono stati disponibili al 100%!<\/blockquote><\/div><\/div><div class=\"hr_dots\"><span><\/span><span><\/span><span><\/span><\/div><div class=\"author\"><h5>Andrea<\/h5><span class=\"company\"><\/span><\/div><\/li><\/ul><\/div>\n[\/vc_column][\/vc_row]<\/p>\n<\/section>","protected":false},"excerpt":{"rendered":"<p>[vc_row][vc_column][vc_empty_space][vc_row_inner][vc_column_inner width=&#8221;1\/2&#8243;][vc_column_text] WHO ARE WE FotoArt is a photographic studio with more than 20 years&#8217; experience, where passion, technique and attention to detail is unprecedented. All<span class=\"excerpt-hellip\"> [\u2026]<\/span><\/p>\n","protected":false},"author":1,"featured_media":0,"parent":0,"menu_order":0,"comment_status":"open","ping_status":"closed","template":"","meta":{"_mi_skip_tracking":false,"_exactmetrics_sitenote_active":false,"_exactmetrics_sitenote_note":"","_exactmetrics_sitenote_category":0},"yoast_head":"<!-- This site is optimized with the Yoast SEO plugin v20.8 - https:\/\/yoast.com\/wordpress\/plugins\/seo\/ -->\n<title>About us - Foto Art Lucca<\/title>\n<meta name=\"description\" content=\"FotoArt is a photographic studio with more than 20 years&#039; experience where passion and technique are the ideal combination for the perfect shoot! Come in!\" \/>\n<meta name=\"robots\" content=\"index, follow, max-snippet:-1, max-image-preview:large, max-video-preview:-1\" \/>\n<link rel=\"canonical\" href=\"https:\/\/www.fotoartlucca.it\/en\/about\/\" \/>\n<meta property=\"og:locale\" content=\"en_US\" \/>\n<meta property=\"og:type\" content=\"article\" \/>\n<meta property=\"og:title\" content=\"About us - Foto Art Lucca\" \/>\n<meta property=\"og:description\" content=\"FotoArt is a photographic studio with more than 20 years&#039; experience where passion and technique are the ideal combination for the perfect shoot! Come in!\" \/>\n<meta property=\"og:url\" content=\"https:\/\/www.fotoartlucca.it\/en\/about\/\" \/>\n<meta property=\"og:site_name\" content=\"Foto Art Lucca\" \/>\n<meta property=\"article:publisher\" content=\"https:\/\/www.facebook.com\/fotoartlucca\/?fref=ts\" \/>\n<meta property=\"article:modified_time\" content=\"2020-07-06T06:19:02+00:00\" \/>\n<meta name=\"twitter:card\" content=\"summary_large_image\" \/>\n<meta name=\"twitter:label1\" content=\"Est. reading time\" \/>\n\t<meta name=\"twitter:data1\" content=\"2 minutes\" \/>\n<script type=\"application\/ld+json\" class=\"yoast-schema-graph\">{\"@context\":\"https:\/\/schema.org\",\"@graph\":[{\"@type\":\"WebPage\",\"@id\":\"https:\/\/www.fotoartlucca.it\/en\/about\/\",\"url\":\"https:\/\/www.fotoartlucca.it\/en\/about\/\",\"name\":\"About us - Foto Art Lucca\",\"isPartOf\":{\"@id\":\"https:\/\/www.fotoartlucca.it\/#website\"},\"datePublished\":\"2015-07-09T09:08:00+00:00\",\"dateModified\":\"2020-07-06T06:19:02+00:00\",\"description\":\"FotoArt is a photographic studio with more than 20 years' experience where passion and technique are the ideal combination for the perfect shoot! Come in!\",\"breadcrumb\":{\"@id\":\"https:\/\/www.fotoartlucca.it\/en\/about\/#breadcrumb\"},\"inLanguage\":\"en-US\",\"potentialAction\":[{\"@type\":\"ReadAction\",\"target\":[\"https:\/\/www.fotoartlucca.it\/en\/about\/\"]}]},{\"@type\":\"BreadcrumbList\",\"@id\":\"https:\/\/www.fotoartlucca.it\/en\/about\/#breadcrumb\",\"itemListElement\":[{\"@type\":\"ListItem\",\"position\":1,\"name\":\"Home\",\"item\":\"https:\/\/www.fotoartlucca.it\/en\/\"},{\"@type\":\"ListItem\",\"position\":2,\"name\":\"About\"}]},{\"@type\":\"WebSite\",\"@id\":\"https:\/\/www.fotoartlucca.it\/#website\",\"url\":\"https:\/\/www.fotoartlucca.it\/\",\"name\":\"Foto Art Lucca\",\"description\":\"\",\"potentialAction\":[{\"@type\":\"SearchAction\",\"target\":{\"@type\":\"EntryPoint\",\"urlTemplate\":\"https:\/\/www.fotoartlucca.it\/?s={search_term_string}\"},\"query-input\":\"required name=search_term_string\"}],\"inLanguage\":\"en-US\"}]}<\/script>\n<!-- \/ Yoast SEO plugin. -->","yoast_head_json":{"title":"About us - Foto Art Lucca","description":"FotoArt is a photographic studio with more than 20 years' experience where passion and technique are the ideal combination for the perfect shoot! Come in!","robots":{"index":"index","follow":"follow","max-snippet":"max-snippet:-1","max-image-preview":"max-image-preview:large","max-video-preview":"max-video-preview:-1"},"canonical":"https:\/\/www.fotoartlucca.it\/en\/about\/","og_locale":"en_US","og_type":"article","og_title":"About us - Foto Art Lucca","og_description":"FotoArt is a photographic studio with more than 20 years' experience where passion and technique are the ideal combination for the perfect shoot! Come in!","og_url":"https:\/\/www.fotoartlucca.it\/en\/about\/","og_site_name":"Foto Art Lucca","article_publisher":"https:\/\/www.facebook.com\/fotoartlucca\/?fref=ts","article_modified_time":"2020-07-06T06:19:02+00:00","twitter_card":"summary_large_image","twitter_misc":{"Est. reading time":"2 minutes"},"schema":{"@context":"https:\/\/schema.org","@graph":[{"@type":"WebPage","@id":"https:\/\/www.fotoartlucca.it\/en\/about\/","url":"https:\/\/www.fotoartlucca.it\/en\/about\/","name":"About us - Foto Art Lucca","isPartOf":{"@id":"https:\/\/www.fotoartlucca.it\/#website"},"datePublished":"2015-07-09T09:08:00+00:00","dateModified":"2020-07-06T06:19:02+00:00","description":"FotoArt is a photographic studio with more than 20 years' experience where passion and technique are the ideal combination for the perfect shoot! Come in!","breadcrumb":{"@id":"https:\/\/www.fotoartlucca.it\/en\/about\/#breadcrumb"},"inLanguage":"en-US","potentialAction":[{"@type":"ReadAction","target":["https:\/\/www.fotoartlucca.it\/en\/about\/"]}]},{"@type":"BreadcrumbList","@id":"https:\/\/www.fotoartlucca.it\/en\/about\/#breadcrumb","itemListElement":[{"@type":"ListItem","position":1,"name":"Home","item":"https:\/\/www.fotoartlucca.it\/en\/"},{"@type":"ListItem","position":2,"name":"About"}]},{"@type":"WebSite","@id":"https:\/\/www.fotoartlucca.it\/#website","url":"https:\/\/www.fotoartlucca.it\/","name":"Foto Art Lucca","description":"","potentialAction":[{"@type":"SearchAction","target":{"@type":"EntryPoint","urlTemplate":"https:\/\/www.fotoartlucca.it\/?s={search_term_string}"},"query-input":"required name=search_term_string"}],"inLanguage":"en-US"}]}},"_links":{"self":[{"href":"https:\/\/www.fotoartlucca.it\/en\/wp-json\/wp\/v2\/pages\/2792"}],"collection":[{"href":"https:\/\/www.fotoartlucca.it\/en\/wp-json\/wp\/v2\/pages"}],"about":[{"href":"https:\/\/www.fotoartlucca.it\/en\/wp-json\/wp\/v2\/types\/page"}],"author":[{"embeddable":true,"href":"https:\/\/www.fotoartlucca.it\/en\/wp-json\/wp\/v2\/users\/1"}],"replies":[{"embeddable":true,"href":"https:\/\/www.fotoartlucca.it\/en\/wp-json\/wp\/v2\/comments?post=2792"}],"version-history":[{"count":1,"href":"https:\/\/www.fotoartlucca.it\/en\/wp-json\/wp\/v2\/pages\/2792\/revisions"}],"predecessor-version":[{"id":3725,"href":"https:\/\/www.fotoartlucca.it\/en\/wp-json\/wp\/v2\/pages\/2792\/revisions\/3725"}],"wp:attachment":[{"href":"https:\/\/www.fotoartlucca.it\/en\/wp-json\/wp\/v2\/media?parent=2792"}],"curies":[{"name":"wp","href":"https:\/\/api.w.org\/{rel}","templated":true}]}}